{"id":2993,"date":"2021-01-06T07:26:32","date_gmt":"2021-01-06T05:26:32","guid":{"rendered":"https:\/\/salizzoni-design.com\/?page_id=2993"},"modified":"2024-02-04T10:48:23","modified_gmt":"2024-02-04T09:48:23","slug":"seo-google-suchmaschinenoptimierung","status":"publish","type":"page","link":"https:\/\/www.web-wunder.at\/salizzoni\/de\/seo-google-suchmaschinenoptimierung\/","title":{"rendered":"Suchmaschinenoptimierung"},"content":{"rendered":"\t\t<div data-elementor-type=\"wp-post\" data-elementor-id=\"2993\" class=\"elementor elementor-2993\" data-elementor-post-type=\"page\">\n\t\t\t\t\t\t<section class=\"elementor-section elementor-top-section elementor-element elementor-element-28a8379c elementor-section-height-min-height elementor-section-boxed elementor-section-height-default elementor-section-items-middle\" data-id=\"28a8379c\" data-element_type=\"section\" data-settings=\"{&quot;background_background&quot;:&quot;classic&quot;}\">\n\t\t\t\t\t\t\t<div class=\"elementor-background-overlay\"><\/div>\n\t\t\t\t\t\t\t<div class=\"elementor-container elementor-column-gap-default\">\n\t\t\t\t\t<div class=\"elementor-column elementor-col-50 elementor-top-column elementor-element elementor-element-7523fb67\" data-id=\"7523fb67\" data-element_type=\"column\">\n\t\t\t<div class=\"elementor-widget-wrap elementor-element-populated\">\n\t\t\t\t\t\t<div class=\"elementor-element elementor-element-1f35444 animated-slow elementor-invisible elementor-widget elementor-widget-heading\" data-id=\"1f35444\" data-element_type=\"widget\" data-settings=\"{&quot;_animation&quot;:&quot;fadeIn&quot;,&quot;_animation_delay&quot;:300}\" data-widget_type=\"heading.default\">\n\t\t\t\t<div class=\"elementor-widget-container\">\n\t\t\t<h1 class=\"elementor-heading-title elementor-size-large\">Suchmaschinen:<\/h1>\t\t<\/div>\n\t\t\t\t<\/div>\n\t\t\t\t<div class=\"elementor-element elementor-element-79629321 animated-slow elementor-invisible elementor-widget elementor-widget-heading\" data-id=\"79629321\" data-element_type=\"widget\" data-settings=\"{&quot;_animation&quot;:&quot;fadeIn&quot;,&quot;_animation_delay&quot;:800}\" data-widget_type=\"heading.default\">\n\t\t\t\t<div class=\"elementor-widget-container\">\n\t\t\t<h2 class=\"elementor-heading-title elementor-size-large\">Was, wie und warum?<\/h2>\t\t<\/div>\n\t\t\t\t<\/div>\n\t\t\t\t<div class=\"elementor-element elementor-element-77defcae animated-slow elementor-invisible elementor-widget elementor-widget-text-editor\" data-id=\"77defcae\" data-element_type=\"widget\" data-settings=\"{&quot;_animation&quot;:&quot;fadeIn&quot;,&quot;_animation_delay&quot;:1300}\" data-widget_type=\"text-editor.default\">\n\t\t\t\t<div class=\"elementor-widget-container\">\n\t\t\t\t\t\t\t<p>Die <strong>Suchmaschinenoptimierung<\/strong> ist in der modernen Welt des World Wide Web l\u00e4ngst unverzichtbar geworden. Als wichtiger Teil des Online-Marketing spielt sie eine bedeutende Rolle f\u00fcr Unternehmen, Marken und andere Organisationen.<\/p>\t\t\t\t\t\t<\/div>\n\t\t\t\t<\/div>\n\t\t\t\t\t<\/div>\n\t\t<\/div>\n\t\t\t\t<div class=\"elementor-column elementor-col-50 elementor-top-column elementor-element elementor-element-27f19467\" data-id=\"27f19467\" data-element_type=\"column\" data-settings=\"{&quot;background_background&quot;:&quot;classic&quot;}\">\n\t\t\t<div class=\"elementor-widget-wrap elementor-element-populated\">\n\t\t\t\t\t\t<div class=\"elementor-element elementor-element-e226650 elementor-widget elementor-widget-image\" data-id=\"e226650\" data-element_type=\"widget\" data-settings=\"{&quot;motion_fx_motion_fx_scrolling&quot;:&quot;yes&quot;,&quot;motion_fx_scale_effect&quot;:&quot;yes&quot;,&quot;motion_fx_scale_direction&quot;:&quot;in-out&quot;,&quot;motion_fx_scale_range&quot;:{&quot;unit&quot;:&quot;%&quot;,&quot;size&quot;:&quot;&quot;,&quot;sizes&quot;:{&quot;start&quot;:14,&quot;end&quot;:65}},&quot;motion_fx_devices&quot;:[&quot;desktop&quot;,&quot;tablet&quot;],&quot;motion_fx_scale_speed&quot;:{&quot;unit&quot;:&quot;px&quot;,&quot;size&quot;:4,&quot;sizes&quot;:[]}}\" data-widget_type=\"image.default\">\n\t\t\t\t<div class=\"elementor-widget-container\">\n\t\t\t\t\t\t\t\t\t\t\t\t\t<img fetchpriority=\"high\" decoding=\"async\" width=\"1200\" height=\"1016\" src=\"https:\/\/www.web-wunder.at\/salizzoni\/wp-content\/uploads\/2022\/05\/SEO-salizzoni-design-suchmaschinenoptimierung.png\" class=\"attachment-full size-full wp-image-47\" alt=\"\" srcset=\"https:\/\/www.web-wunder.at\/salizzoni\/wp-content\/uploads\/2022\/05\/SEO-salizzoni-design-suchmaschinenoptimierung.png 1200w, https:\/\/www.web-wunder.at\/salizzoni\/wp-content\/uploads\/2022\/05\/SEO-salizzoni-design-suchmaschinenoptimierung-300x254.png 300w, https:\/\/www.web-wunder.at\/salizzoni\/wp-content\/uploads\/2022\/05\/SEO-salizzoni-design-suchmaschinenoptimierung-1024x867.png 1024w, https:\/\/www.web-wunder.at\/salizzoni\/wp-content\/uploads\/2022\/05\/SEO-salizzoni-design-suchmaschinenoptimierung-768x650.png 768w\" sizes=\"(max-width: 1200px) 100vw, 1200px\" \/>\t\t\t\t\t\t\t\t\t\t\t\t\t<\/div>\n\t\t\t\t<\/div>\n\t\t\t\t\t<\/div>\n\t\t<\/div>\n\t\t\t\t\t<\/div>\n\t\t<\/section>\n\t\t\t\t<section class=\"elementor-section elementor-top-section elementor-element elementor-element-583c7de4 elementor-section-full_width elementor-section-height-default elementor-section-height-default\" data-id=\"583c7de4\" data-element_type=\"section\">\n\t\t\t\t\t\t<div class=\"elementor-container elementor-column-gap-default\">\n\t\t\t\t\t<div class=\"elementor-column elementor-col-50 elementor-top-column elementor-element elementor-element-646050b0\" data-id=\"646050b0\" data-element_type=\"column\" data-settings=\"{&quot;background_background&quot;:&quot;classic&quot;}\">\n\t\t\t<div class=\"elementor-widget-wrap elementor-element-populated\">\n\t\t\t\t\t\t<div class=\"elementor-element elementor-element-7eedab76 elementor-widget elementor-widget-heading\" data-id=\"7eedab76\" data-element_type=\"widget\" data-widget_type=\"heading.default\">\n\t\t\t\t<div class=\"elementor-widget-container\">\n\t\t\t<h2 class=\"elementor-heading-title elementor-size-default\">Definition<\/h2>\t\t<\/div>\n\t\t\t\t<\/div>\n\t\t\t\t<div class=\"elementor-element elementor-element-40563f38 elementor-widget elementor-widget-text-editor\" data-id=\"40563f38\" data-element_type=\"widget\" data-widget_type=\"text-editor.default\">\n\t\t\t\t<div class=\"elementor-widget-container\">\n\t\t\t\t\t\t\tMit dem \u00dcberbegriff Suchmaschinenoptimierung werden alle inhaltlichen und technischen Ma\u00dfnahmen auf Websites zusammengefasst, durch die das Ranking in den SERPs verbessert werden kann und soll. Auch die Usability von Websites ist ein wichtiger Faktor bei den Optimierungsma\u00dfnahmen.<p>\n\nSie stellt ein Teilgebiet des Suchmaschinenmarketings (SEM) dar und wird auch mit SEO abgek\u00fcrzt.\t\t\t\t\t\t<\/div>\n\t\t\t\t<\/div>\n\t\t\t\t\t<\/div>\n\t\t<\/div>\n\t\t\t\t<div class=\"elementor-column elementor-col-50 elementor-top-column elementor-element elementor-element-67028692\" data-id=\"67028692\" data-element_type=\"column\">\n\t\t\t<div class=\"elementor-widget-wrap elementor-element-populated\">\n\t\t\t\t\t\t<div class=\"elementor-element elementor-element-1108771d elementor-widget elementor-widget-video\" data-id=\"1108771d\" data-element_type=\"widget\" data-widget_type=\"video.default\">\n\t\t\t\t<div class=\"elementor-widget-container\">\n\t\t\t\t\t<div class=\"elementor-wrapper elementor-open-inline\">\n\t\t\t<div class=\"elementor-video\"><div class=\"BorlabsCookie _brlbs-cb-youtube\"><div class=\"_brlbs-content-blocker\"> <div class=\"_brlbs-embed _brlbs-video-youtube\"> <img decoding=\"async\" class=\"_brlbs-thumbnail\" src=\"https:\/\/www.web-wunder.at\/salizzoni\/wp-content\/plugins\/borlabs-cookie\/assets\/images\/cb-no-thumbnail.png\" alt=\"YouTube\"> <div class=\"_brlbs-caption\"> <p>Mit dem Laden des Videos akzeptieren Sie die Datenschutzerkl\u00e4rung von YouTube.<br><a href=\"https:\/\/policies.google.com\/privacy\" target=\"_blank\" rel=\"nofollow noopener noreferrer\">Mehr erfahren<\/a><\/p> <p><a class=\"_brlbs-btn _brlbs-icon-play-white\" href=\"#\" data-borlabs-cookie-unblock role=\"button\">Video laden<\/a><\/p> <p><label><input type=\"checkbox\" name=\"unblockAll\" value=\"1\" checked> <small>YouTube immer entsperren<\/small><\/label><\/p> <\/div> <\/div> <\/div><div class=\"borlabs-hide\" data-borlabs-cookie-type=\"content-blocker\" data-borlabs-cookie-id=\"youtube\"><script type=\"text\/template\">PGlmcmFtZSB0aXRsZT0iU0VPIC8gU0VBIGVpbmZhY2ggZXJrbMOkcnQgaW4gMiBNaW51dGVuIiB3aWR0aD0iODAwIiBoZWlnaHQ9IjQ1MCIgc3JjPSJodHRwczovL3d3dy55b3V0dWJlLW5vY29va2llLmNvbS9lbWJlZC9nWElhaTc3NVpsdz9mZWF0dXJlPW9lbWJlZCZyZWw9MCZlbmFibGVqc2FwaT0xJm9yaWdpbj1odHRwcyUyNTNBJTI1MkYlMjUyRnd3dy53ZWItd3VuZGVyLmF0JTI1MkZzYWxpenpvbmkmbG9vcD0xJnBsYXlsaXN0PWdYSWFpNzc1Wmx3IiBmcmFtZWJvcmRlcj0iMCIgYWxsb3c9ImFjY2VsZXJvbWV0ZXI7IGF1dG9wbGF5OyBjbGlwYm9hcmQtd3JpdGU7IGVuY3J5cHRlZC1tZWRpYTsgZ3lyb3Njb3BlOyBwaWN0dXJlLWluLXBpY3R1cmU7IHdlYi1zaGFyZSIgcmVmZXJyZXJwb2xpY3k9InN0cmljdC1vcmlnaW4td2hlbi1jcm9zcy1vcmlnaW4iIGFsbG93ZnVsbHNjcmVlbj48L2lmcmFtZT4=<\/script><\/div><\/div><\/div>\t\t<\/div>\n\t\t\t\t<\/div>\n\t\t\t\t<\/div>\n\t\t\t\t\t<\/div>\n\t\t<\/div>\n\t\t\t\t\t<\/div>\n\t\t<\/section>\n\t\t\t\t<section class=\"elementor-section elementor-top-section elementor-element elementor-element-9b89f1f elementor-section-full_width elementor-reverse-tablet elementor-reverse-mobile elementor-section-height-default elementor-section-height-default\" data-id=\"9b89f1f\" data-element_type=\"section\">\n\t\t\t\t\t\t<div class=\"elementor-container elementor-column-gap-default\">\n\t\t\t\t\t<div class=\"elementor-column elementor-col-50 elementor-top-column elementor-element elementor-element-31c2f631\" data-id=\"31c2f631\" data-element_type=\"column\">\n\t\t\t<div class=\"elementor-widget-wrap elementor-element-populated\">\n\t\t\t\t\t\t<div class=\"elementor-element elementor-element-211595b7 elementor-widget elementor-widget-image\" data-id=\"211595b7\" data-element_type=\"widget\" data-widget_type=\"image.default\">\n\t\t\t\t<div class=\"elementor-widget-container\">\n\t\t\t\t\t\t\t\t\t\t\t\t\t<img decoding=\"async\" width=\"800\" height=\"533\" src=\"https:\/\/www.web-wunder.at\/salizzoni\/wp-content\/uploads\/2022\/05\/seo-suchmaschinenoptimierung-salizzoni-design-1024x682.jpg\" class=\"attachment-large size-large wp-image-49\" alt=\"\" srcset=\"https:\/\/www.web-wunder.at\/salizzoni\/wp-content\/uploads\/2022\/05\/seo-suchmaschinenoptimierung-salizzoni-design-1024x682.jpg 1024w, https:\/\/www.web-wunder.at\/salizzoni\/wp-content\/uploads\/2022\/05\/seo-suchmaschinenoptimierung-salizzoni-design-300x200.jpg 300w, https:\/\/www.web-wunder.at\/salizzoni\/wp-content\/uploads\/2022\/05\/seo-suchmaschinenoptimierung-salizzoni-design-768x512.jpg 768w, https:\/\/www.web-wunder.at\/salizzoni\/wp-content\/uploads\/2022\/05\/seo-suchmaschinenoptimierung-salizzoni-design-1536x1023.jpg 1536w, https:\/\/www.web-wunder.at\/salizzoni\/wp-content\/uploads\/2022\/05\/seo-suchmaschinenoptimierung-salizzoni-design-2048x1364.jpg 2048w\" sizes=\"(max-width: 800px) 100vw, 800px\" \/>\t\t\t\t\t\t\t\t\t\t\t\t\t<\/div>\n\t\t\t\t<\/div>\n\t\t\t\t\t<\/div>\n\t\t<\/div>\n\t\t\t\t<div class=\"elementor-column elementor-col-50 elementor-top-column elementor-element elementor-element-7de97976\" data-id=\"7de97976\" data-element_type=\"column\" data-settings=\"{&quot;background_background&quot;:&quot;classic&quot;}\">\n\t\t\t<div class=\"elementor-widget-wrap elementor-element-populated\">\n\t\t\t\t\t\t<div class=\"elementor-element elementor-element-525310a8 elementor-widget elementor-widget-heading\" data-id=\"525310a8\" data-element_type=\"widget\" data-widget_type=\"heading.default\">\n\t\t\t\t<div class=\"elementor-widget-container\">\n\t\t\t<h2 class=\"elementor-heading-title elementor-size-default\">Nutzen und Teilgebiete<\/h2>\t\t<\/div>\n\t\t\t\t<\/div>\n\t\t\t\t<div class=\"elementor-element elementor-element-1bfd8e12 elementor-widget elementor-widget-text-editor\" data-id=\"1bfd8e12\" data-element_type=\"widget\" data-widget_type=\"text-editor.default\">\n\t\t\t\t<div class=\"elementor-widget-container\">\n\t\t\t\t\t\t\tIm Online-Marketing geh\u00f6rt SEO zu den wichtigsten Faktoren und daher stellt sie eine der tragenden S\u00e4ulen eines jeden Marketing-Mix dar. Bei den verschiedenen Optimierungsprozessen muss zu jeder Zeit bedacht werden, dass diese viel Zeit ben\u00f6tigen und als ganzj\u00e4hriges Projekt gesehen werden m\u00fcssen. Nur durch stetiges Optimierung kann eine Website langfristigen und dauerhaften Erfolg in den Suchmaschinen haben.\n<p>\nDie eigentlichen Optimierungsprozesse erfolgen auf den Seiten selbst &#8211; diese werden als OnPage Optimierung bezeichnet. Wichtige Faktoren sind dabei die Local SEO, die Conversion-Rate-Optimierung, die Warenkorb-Optimierung, die mobile Optimierung und viele weitere.\n<p>\nDie Popularit\u00e4t eine Seite kann allerdings auch durch Offpage Optimierung gesteigert werden. Bei dieser geht es grundlegend um die Bekanntheit einer Website. Die Offtpage Optimierung stellt f\u00fcr die Webmaster zumeist eine gro\u00dfe Herausforderung dar, was auch daran liegt, dass der Google Algorithmus auf unz\u00e4hlige Ranking-Faktoren zur\u00fcckgreift &#8211; es soll mehr als 200 Faktoren eine Rolle spielen.\t\t\t\t\t\t<\/div>\n\t\t\t\t<\/div>\n\t\t\t\t\t<\/div>\n\t\t<\/div>\n\t\t\t\t\t<\/div>\n\t\t<\/section>\n\t\t\t\t<section class=\"elementor-section elementor-top-section elementor-element elementor-element-5955976d elementor-section-full_width elementor-section-height-default elementor-section-height-default\" data-id=\"5955976d\" data-element_type=\"section\">\n\t\t\t\t\t\t<div class=\"elementor-container elementor-column-gap-default\">\n\t\t\t\t\t<div class=\"elementor-column elementor-col-50 elementor-top-column elementor-element elementor-element-7aa0797f\" data-id=\"7aa0797f\" data-element_type=\"column\" data-settings=\"{&quot;background_background&quot;:&quot;classic&quot;}\">\n\t\t\t<div class=\"elementor-widget-wrap elementor-element-populated\">\n\t\t\t\t\t\t<div class=\"elementor-element elementor-element-48f5d693 elementor-widget elementor-widget-heading\" data-id=\"48f5d693\" data-element_type=\"widget\" data-widget_type=\"heading.default\">\n\t\t\t\t<div class=\"elementor-widget-container\">\n\t\t\t<h2 class=\"elementor-heading-title elementor-size-default\">SEA und Google Ads<\/h2>\t\t<\/div>\n\t\t\t\t<\/div>\n\t\t\t\t<div class=\"elementor-element elementor-element-b75a4d2 elementor-widget elementor-widget-text-editor\" data-id=\"b75a4d2\" data-element_type=\"widget\" data-widget_type=\"text-editor.default\">\n\t\t\t\t<div class=\"elementor-widget-container\">\n\t\t\t\t\t\t\tDie Suchmaschinenoptimierung muss von der Suchmaschinenwerbung &#8211; der so genannten Search Engine Advertising (kurz SEA) &#8211; abgegrenzt werden. Bei dieser geht es darum, bezahlte Werbung in Suchmaschinen zu integrieren, die das Ranking von Websites verbessern.<br>Daf\u00fcr bieten die Anbieter von Suchmaschinen spezielle Tools an, durch die Werbetreibende Werbepl\u00e4tze kaufen und ersteigern k\u00f6nnen. Die bekanntesten Beispiele daf\u00fcr stellen Microsoft Bing Ads und die noch deutlich beliebteren Google AdWords (auch Google Ads) dar.<br>Den Werbetreibenden werden dabei beispielsweise passende Textanzeigen angeboten, die oberhalb der organischen Suchergebnissen angezeigt werden.\t\t\t\t\t\t<\/div>\n\t\t\t\t<\/div>\n\t\t\t\t\t<\/div>\n\t\t<\/div>\n\t\t\t\t<div class=\"elementor-column elementor-col-50 elementor-top-column elementor-element elementor-element-3efdf782\" data-id=\"3efdf782\" data-element_type=\"column\">\n\t\t\t<div class=\"elementor-widget-wrap elementor-element-populated\">\n\t\t\t\t\t\t<div class=\"elementor-element elementor-element-7a0f5646 elementor-widget elementor-widget-image\" data-id=\"7a0f5646\" data-element_type=\"widget\" data-widget_type=\"image.default\">\n\t\t\t\t<div class=\"elementor-widget-container\">\n\t\t\t\t\t\t\t\t\t\t\t\t\t<img decoding=\"async\" width=\"800\" height=\"534\" src=\"https:\/\/www.web-wunder.at\/salizzoni\/wp-content\/uploads\/2023\/04\/SEO-2023-salizzoni-design-1024x683.jpg\" class=\"attachment-large size-large wp-image-50\" alt=\"\" srcset=\"https:\/\/www.web-wunder.at\/salizzoni\/wp-content\/uploads\/2023\/04\/SEO-2023-salizzoni-design-1024x683.jpg 1024w, https:\/\/www.web-wunder.at\/salizzoni\/wp-content\/uploads\/2023\/04\/SEO-2023-salizzoni-design-300x200.jpg 300w, https:\/\/www.web-wunder.at\/salizzoni\/wp-content\/uploads\/2023\/04\/SEO-2023-salizzoni-design-768x512.jpg 768w, https:\/\/www.web-wunder.at\/salizzoni\/wp-content\/uploads\/2023\/04\/SEO-2023-salizzoni-design-1536x1025.jpg 1536w, https:\/\/www.web-wunder.at\/salizzoni\/wp-content\/uploads\/2023\/04\/SEO-2023-salizzoni-design-18x12.jpg 18w, https:\/\/www.web-wunder.at\/salizzoni\/wp-content\/uploads\/2023\/04\/SEO-2023-salizzoni-design.jpg 1800w\" sizes=\"(max-width: 800px) 100vw, 800px\" \/>\t\t\t\t\t\t\t\t\t\t\t\t\t<\/div>\n\t\t\t\t<\/div>\n\t\t\t\t\t<\/div>\n\t\t<\/div>\n\t\t\t\t\t<\/div>\n\t\t<\/section>\n\t\t\t\t<section class=\"elementor-section elementor-top-section elementor-element elementor-element-5d1a84e5 elementor-section-full_width elementor-section-height-default elementor-section-height-default\" data-id=\"5d1a84e5\" data-element_type=\"section\" data-settings=\"{&quot;background_background&quot;:&quot;classic&quot;}\">\n\t\t\t\t\t\t\t<div class=\"elementor-background-overlay\"><\/div>\n\t\t\t\t\t\t\t<div class=\"elementor-container elementor-column-gap-default\">\n\t\t\t\t\t<div class=\"elementor-column elementor-col-100 elementor-top-column elementor-element elementor-element-62b8b31c\" data-id=\"62b8b31c\" data-element_type=\"column\" data-settings=\"{&quot;background_background&quot;:&quot;classic&quot;}\">\n\t\t\t<div class=\"elementor-widget-wrap elementor-element-populated\">\n\t\t\t\t\t\t<div class=\"elementor-element elementor-element-32bfd365 elementor-widget elementor-widget-heading\" data-id=\"32bfd365\" data-element_type=\"widget\" data-widget_type=\"heading.default\">\n\t\t\t\t<div class=\"elementor-widget-container\">\n\t\t\t<h1 class=\"elementor-heading-title elementor-size-large\">SEO - Suchmaschinenoptimierung<br><font color=\"#c49c49\">aus Vorarlberg<\/font><\/h1>\t\t<\/div>\n\t\t\t\t<\/div>\n\t\t\t\t<div class=\"elementor-element elementor-element-85d2c21 elementor-widget elementor-widget-text-editor\" data-id=\"85d2c21\" data-element_type=\"widget\" data-widget_type=\"text-editor.default\">\n\t\t\t\t<div class=\"elementor-widget-container\">\n\t\t\t\t\t\t\t<p>Die anfallenden Kosten k\u00f6nnen bei Google Ads zu jeder Zeit im Blick behalten und immer wieder je nach den Bed\u00fcrfnissen und W\u00fcnschen angepasst werden. Die anfallenden Kosten f\u00fcr die Optimierung sollten individuell analysiert werden. Sie k\u00f6nnen im Normalfall in den verschiedenen Tools mit einem monatlichen Budget angegeben werden, das nicht \u00fcberschritten wird. Das gilt auch f\u00fcr Google Ads, bei denen diese Summe zu jeder Zeit ver\u00e4ndert werden kann.<\/p>\t\t\t\t\t\t<\/div>\n\t\t\t\t<\/div>\n\t\t\t\t<div class=\"elementor-element elementor-element-594e8387 elementor-widget elementor-widget-button\" data-id=\"594e8387\" data-element_type=\"widget\" data-widget_type=\"button.default\">\n\t\t\t\t<div class=\"elementor-widget-container\">\n\t\t\t\t\t<div class=\"elementor-button-wrapper\">\n\t\t\t<a class=\"elementor-button elementor-button-link elementor-size-md\" href=\"https:\/\/www.web-wunder.at\/salizzoni\/kontakt\/\">\n\t\t\t\t\t\t<span class=\"elementor-button-content-wrapper\">\n\t\t\t\t\t\t\t\t\t<span class=\"elementor-button-text\">Kontakt<\/span>\n\t\t\t\t\t<\/span>\n\t\t\t\t\t<\/a>\n\t\t<\/div>\n\t\t\t\t<\/div>\n\t\t\t\t<\/div>\n\t\t\t\t\t<\/div>\n\t\t<\/div>\n\t\t\t\t\t<\/div>\n\t\t<\/section>\n\t\t\t\t<\/div>\n\t\t","protected":false},"excerpt":{"rendered":"<p>Suchmaschinen: Was, wie und warum? Die Suchmaschinenoptimierung ist in der modernen Welt des World Wide Web l\u00e4ngst unverzichtbar geworden. Als wichtiger Teil des Online-Marketing spielt sie eine bedeutende Rolle f\u00fcr Unternehmen, Marken und andere Organisationen. Definition Mit dem \u00dcberbegriff Suchmaschinenoptimierung werden alle inhaltlichen und technischen Ma\u00dfnahmen auf Websites zusammengefasst, durch die das Ranking in den [&hellip;]<\/p>\n","protected":false},"author":2,"featured_media":3001,"parent":0,"menu_order":0,"comment_status":"closed","ping_status":"closed","template":"elementor_header_footer","meta":{"footnotes":""},"folder":[],"class_list":["post-2993","page","type-page","status-publish","has-post-thumbnail","hentry"],"_links":{"self":[{"href":"https:\/\/www.web-wunder.at\/salizzoni\/de\/wp-json\/wp\/v2\/pages\/2993"}],"collection":[{"href":"https:\/\/www.web-wunder.at\/salizzoni\/de\/wp-json\/wp\/v2\/pages"}],"about":[{"href":"https:\/\/www.web-wunder.at\/salizzoni\/de\/wp-json\/wp\/v2\/types\/page"}],"author":[{"embeddable":true,"href":"https:\/\/www.web-wunder.at\/salizzoni\/de\/wp-json\/wp\/v2\/users\/2"}],"replies":[{"embeddable":true,"href":"https:\/\/www.web-wunder.at\/salizzoni\/de\/wp-json\/wp\/v2\/comments?post=2993"}],"version-history":[{"count":1,"href":"https:\/\/www.web-wunder.at\/salizzoni\/de\/wp-json\/wp\/v2\/pages\/2993\/revisions"}],"predecessor-version":[{"id":5500,"href":"https:\/\/www.web-wunder.at\/salizzoni\/de\/wp-json\/wp\/v2\/pages\/2993\/revisions\/5500"}],"wp:featuredmedia":[{"embeddable":true,"href":"https:\/\/www.web-wunder.at\/salizzoni\/de\/wp-json\/"}],"wp:attachment":[{"href":"https:\/\/www.web-wunder.at\/salizzoni\/de\/wp-json\/wp\/v2\/media?parent=2993"}],"wp:term":[{"taxonomy":"folder","embeddable":true,"href":"https:\/\/www.web-wunder.at\/salizzoni\/de\/wp-json\/wp\/v2\/folder?post=2993"}],"curies":[{"name":"wp","href":"https:\/\/api.w.org\/{rel}","templated":true}]}}